{"id":1677,"date":"2026-02-08T00:22:01","date_gmt":"2026-02-08T00:22:01","guid":{"rendered":"https:\/\/ballsimulator.com\/inscription-daffilie\/"},"modified":"2026-02-15T02:04:40","modified_gmt":"2026-02-15T02:04:40","slug":"inscription-daffilie","status":"publish","type":"page","link":"https:\/\/ballsimulator.com\/en\/inscription-daffilie\/","title":{"rendered":"Affiliate Registration"},"content":{"rendered":"\t\t<div data-elementor-type=\"wp-page\" data-elementor-id=\"1677\" class=\"elementor elementor-1677\">\n\t\t\t\t<div class=\"elementor-element elementor-element-52ad1985 e-flex e-con-boxed wpr-equal-height-no e-con e-parent\" data-id=\"52ad1985\" data-element_type=\"container\" data-e-type=\"container\">\n\t\t\t\t\t<div class=\"e-con-inner\">\n\t\t\t\t<div class=\"elementor-element elementor-element-2cb5d5c0 elementor-widget elementor-widget-shortcode\" data-id=\"2cb5d5c0\" data-element_type=\"widget\" data-e-type=\"widget\" data-widget_type=\"shortcode.default\">\n\t\t\t\t\t\t\t<div class=\"elementor-shortcode\"><\/div>\n\t\t\t\t\t\t<\/div>\n\t\t\t\t\t<\/div>\n\t\t\t\t<\/div>\n\t\t<div class=\"elementor-element elementor-element-bcb8360 e-flex e-con-boxed wpr-equal-height-no e-con e-parent\" data-id=\"bcb8360\" data-element_type=\"container\" data-e-type=\"container\">\n\t\t\t\t\t<div class=\"e-con-inner\">\n\t\t\t\t<div class=\"elementor-element elementor-element-4a0fbf0 elementor-widget elementor-widget-html\" data-id=\"4a0fbf0\" data-element_type=\"widget\" data-e-type=\"widget\" data-widget_type=\"html.default\">\n\t\t\t\t\t<script>\r\ndocument.addEventListener(\"DOMContentLoaded\", function() {\r\n    \/\/ 1. D\u00e9tection de la langue (v\u00e9rifie si 'en' est pr\u00e9sent dans l'URL ou l'attribut lang)\r\n    var isEnglish = document.documentElement.lang.includes('en') || window.location.pathname.includes('\/en\/');\r\n\r\n    \/\/ 2. D\u00e9finition des traductions\r\n    var labels = {\r\n        payment: {\r\n            fr: 'Email de paiement Paypal',\r\n            en: 'PayPal Payment Email'\r\n        },\r\n        website: {\r\n            fr: 'Lien du compte TikTok, YouTube, Instagram,...',\r\n            en: 'TikTok, YouTube, Instagram account link...'\r\n        },\r\n        promo: {\r\n            fr: 'Comment avez-vous connu Ballsimulator ?',\r\n            en: 'How did you hear about BallSimulator?'\r\n        }\r\n    };\r\n\r\n    \/\/ S\u00e9lection de la langue \u00e0 utiliser\r\n    var lang = isEnglish ? 'en' : 'fr';\r\n\r\n    \/\/ 3. Application des changements\r\n    \r\n    \/\/ Modifier \"Email de paiement\"\r\n    var paymentEmail = document.querySelector('label[for=\"slicewp-payment-email\"]');\r\n    if (paymentEmail) {\r\n        paymentEmail.innerHTML = labels.payment[lang] + ' <span class=\"slicewp-field-required-marker\">*<\/span>';\r\n    }\r\n\r\n    \/\/ Modifier \"Site Internet\"\r\n    var website = document.querySelector('label[for=\"slicewp-website\"]');\r\n    if (website) {\r\n        website.innerHTML = labels.website[lang] + ' <span class=\"slicewp-field-required-marker\">*<\/span>';\r\n    }\r\n\r\n    \/\/ Modifier \"Comment allez-vous nous promouvoir ?\"\r\n    var promo = document.querySelector('label[for=\"slicewp-promotional-methods\"]');\r\n    if (promo) {\r\n        promo.innerHTML = labels.promo[lang] + ' <span class=\"slicewp-field-required-marker\">*<\/span>';\r\n    }\r\n});\r\n<\/script>\t\t\t\t<\/div>\n\t\t\t\t\t<\/div>\n\t\t\t\t<\/div>\n\t\t\t\t<\/div>\n\t\t","protected":false},"excerpt":{"rendered":"","protected":false},"author":871,"featured_media":0,"parent":0,"menu_order":0,"comment_status":"closed","ping_status":"closed","template":"","meta":{"pmpro_default_level":"","site-sidebar-layout":"default","site-content-layout":"","ast-site-content-layout":"default","site-content-style":"default","site-sidebar-style":"default","ast-global-header-display":"","ast-banner-title-visibility":"","ast-main-header-display":"","ast-hfb-above-header-display":"","ast-hfb-below-header-display":"","ast-hfb-mobile-header-display":"","site-post-title":"","ast-breadcrumbs-content":"","ast-featured-img":"","footer-sml-layout":"","ast-disable-related-posts":"","theme-transparent-header-meta":"","adv-header-id-meta":"","stick-header-meta":"","header-above-stick-meta":"","header-main-stick-meta":"","header-below-stick-meta":"","astra-migrate-meta-layouts":"default","ast-page-background-enabled":"default","ast-page-background-meta":{"desktop":{"background-color":"var(--ast-global-color-5)","background-image":"","background-repeat":"repeat","background-position":"center center","background-size":"auto","background-attachment":"scroll","background-type":"","background-media":"","overlay-type":"","overlay-color":"","overlay-opacity":"","overlay-gradient":""},"tablet":{"background-color":"","background-image":"","background-repeat":"repeat","background-position":"center center","background-size":"auto","background-attachment":"scroll","background-type":"","background-media":"","overlay-type":"","overlay-color":"","overlay-opacity":"","overlay-gradient":""},"mobile":{"background-color":"","background-image":"","background-repeat":"repeat","background-position":"center center","background-size":"auto","background-attachment":"scroll","background-type":"","background-media":"","overlay-type":"","overlay-color":"","overlay-opacity":"","overlay-gradient":""}},"ast-content-background-meta":{"desktop":{"background-color":"var(--ast-global-color-4)","background-image":"","background-repeat":"repeat","background-position":"center center","background-size":"auto","background-attachment":"scroll","background-type":"","background-media":"","overlay-type":"","overlay-color":"","overlay-opacity":"","overlay-gradient":""},"tablet":{"background-color":"var(--ast-global-color-4)","background-image":"","background-repeat":"repeat","background-position":"center center","background-size":"auto","background-attachment":"scroll","background-type":"","background-media":"","overlay-type":"","overlay-color":"","overlay-opacity":"","overlay-gradient":""},"mobile":{"background-color":"var(--ast-global-color-4)","background-image":"","background-repeat":"repeat","background-position":"center center","background-size":"auto","background-attachment":"scroll","background-type":"","background-media":"","overlay-type":"","overlay-color":"","overlay-opacity":"","overlay-gradient":""}},"footnotes":""},"class_list":["post-1677","page","type-page","status-publish","hentry","pmpro-has-access"],"_links":{"self":[{"href":"https:\/\/ballsimulator.com\/en\/wp-json\/wp\/v2\/pages\/1677","targetHints":{"allow":["GET"]}}],"collection":[{"href":"https:\/\/ballsimulator.com\/en\/wp-json\/wp\/v2\/pages"}],"about":[{"href":"https:\/\/ballsimulator.com\/en\/wp-json\/wp\/v2\/types\/page"}],"author":[{"embeddable":true,"href":"https:\/\/ballsimulator.com\/en\/wp-json\/wp\/v2\/users\/871"}],"replies":[{"embeddable":true,"href":"https:\/\/ballsimulator.com\/en\/wp-json\/wp\/v2\/comments?post=1677"}],"version-history":[{"count":39,"href":"https:\/\/ballsimulator.com\/en\/wp-json\/wp\/v2\/pages\/1677\/revisions"}],"predecessor-version":[{"id":1929,"href":"https:\/\/ballsimulator.com\/en\/wp-json\/wp\/v2\/pages\/1677\/revisions\/1929"}],"wp:attachment":[{"href":"https:\/\/ballsimulator.com\/en\/wp-json\/wp\/v2\/media?parent=1677"}],"curies":[{"name":"wp","href":"https:\/\/api.w.org\/{rel}","templated":true}]}}