{"id":230,"date":"2025-11-26T14:18:03","date_gmt":"2025-11-26T14:18:03","guid":{"rendered":"https:\/\/ballsimulator.com\/?page_id=230"},"modified":"2026-04-10T01:36:46","modified_gmt":"2026-04-10T01:36:46","slug":"ballsimulator","status":"publish","type":"page","link":"https:\/\/ballsimulator.com\/en\/ballsimulator\/","title":{"rendered":"BallSimulator"},"content":{"rendered":"<div data-elementor-type=\"wp-page\" data-elementor-id=\"230\" class=\"elementor elementor-230\">\n\t\t\t\t<div class=\"elementor-element elementor-element-5918fa8 e-con-full e-flex wpr-equal-height-no e-con e-parent\" data-id=\"5918fa8\" data-element_type=\"container\" data-e-type=\"container\" data-settings=\"{&quot;background_background&quot;:&quot;gradient&quot;}\">\n\t\t\t\t<div class=\"elementor-element elementor-element-09d7025 elementor-widget elementor-widget-text-editor\" data-id=\"09d7025\" data-element_type=\"widget\" data-e-type=\"widget\" data-widget_type=\"text-editor.default\">\n\t\t\t\t\t\t\t\t\t<\/div>\n\t\t\t\t<\/div>\n\t\t<div class=\"elementor-element elementor-element-a52890d e-con-full e-flex wpr-equal-height-no e-con e-parent\" data-id=\"a52890d\" data-element_type=\"container\" data-e-type=\"container\" data-no-translation=\"\">\n\t\t\t\t<div class=\"elementor-element elementor-element-bef4d1d elementor-widget elementor-widget-html\" data-id=\"bef4d1d\" data-element_type=\"widget\" data-e-type=\"widget\" data-widget_type=\"html.default\">\n\t\t\t\t\t<div class=\"bs-premium-lock\">\r\n    <div class=\"bs-lock-icon\">\r\n        <i class=\"fas fa-lock\"><\/i>\r\n    <\/div>\r\n    \r\n    <div class=\"bs-content\">\r\n        <h2>Exclusive member access<\/h2>\r\n        <p>Boost your views and start monetizing. Unlock full access to the most <strong>satisfying<\/strong> physics engine to create high-engagement viral content.<\/p>\r\n        <p class=\"bs-subtext\">Get every feature for the perfect bounce.<\/p>\r\n    <\/div>\r\n\r\n    <div class=\"bs-actions\">\r\n        <a href=\"https:\/\/ballsimulator.com\/en\/tarifs\/\" class=\"bs-btn-primary\">Unlock Access<\/a>\r\n        <a href=\"https:\/\/ballsimulator.com\/en\/login\/\" class=\"bs-btn-secondary\">Login<\/a>\r\n    <\/div>\r\n<\/div>\r\n\r\n<style>\r\n.bs-premium-lock {\r\n    background: #0f172a;\r\n    border: 2px solid #ba4bff;\r\n    border-radius: 15px;\r\n    padding: 50px 30px;\r\n    text-align: center;\r\n    max-width: 650px;\r\n    margin: 80px auto !important; \r\n    box-shadow: 0 15px 40px rgba(0, 0, 0, 0.6);\r\n    font-family: 'Poppins', sans-serif;\r\n}\r\n\r\n@media (max-width: 767px) {\r\n    .bs-premium-lock {\r\n        margin: 60px 20px !important;\r\n        padding: 40px 20px;\r\n    }\r\n}\r\n\r\n.bs-lock-icon { font-size: 45px; color: #ba4bff; margin-bottom: 20px; filter: drop-shadow(0 0 10px rgba(186, 75, 255, 0.5)); }\r\n.bs-content h2 { color: #ffffff !important; text-transform: uppercase; font-weight: 800; font-size: 24px; margin-bottom: 15px !important; }\r\n.bs-content p { color: #f8fafc !important; font-size: 15px; line-height: 1.5; margin-bottom: 8px; }\r\n.bs-subtext { color: #94a3b8 !important; font-size: 13px !important; margin-bottom: 25px !important; }\r\n.bs-actions { display: flex; gap: 12px; justify-content: center; flex-wrap: wrap; }\r\n.bs-btn-primary { background-color: #ba4bff !important; color: #ffffff !important; padding: 14px 28px; border-radius: 8px; font-weight: 700; text-decoration: none !important; text-transform: uppercase; font-size: 13px; transition: 0.3s; box-shadow: 0 4px 15px rgba(186, 75, 255, 0.4); }\r\n.bs-btn-primary:hover { background-color: #a332ff !important; transform: translateY(-2px); }\r\n.bs-btn-secondary { background-color: transparent !important; color: #ffffff !important; padding: 14px 28px; border-radius: 8px; font-weight: 600; text-decoration: none !important; border: 1px solid rgba(255, 255, 255, 0.3); font-size: 13px; transition: 0.3s; }\r\n.bs-btn-secondary:hover { border-color: #ffffff; background-color: rgba(255, 255, 255, 0.05) !important; }\r\n@media (max-width: 500px) { .bs-actions { flex-direction: column; } .bs-btn-primary, .bs-btn-secondary { width: 100%; } }\r\n<\/style>\t\t\t\t<\/div>\n\t\t\t\t<\/div>\n\t\t\t\t<\/div>","protected":false},"excerpt":{"rendered":"<p>Viral views. All features unlocked with Creator Pro. Upgrade \ud83d\ude80 Espace membre r\u00e9serv\u00e9 Boostez vos vues et mon\u00e9tisez vos contenus. D\u00e9bloquez l&rsquo;acc\u00e8s complet au moteur physique le plus satisfaisant pour cr\u00e9er des vid\u00e9os virales. Acc\u00e9dez \u00e0 toutes les fonctionnalit\u00e9s pour des rebonds parfaits. D\u00e9bloquer l&rsquo;acc\u00e8s Se connecter Exclusive member access Boost your views and start monetizing. Unlock full access to the most satisfying physics engine to create high-engagement viral content. Get every feature for the perfect bounce. Unlock Access Login<\/p>","protected":false},"author":871,"featured_media":0,"parent":0,"menu_order":0,"comment_status":"closed","ping_status":"closed","template":"","meta":{"pmpro_default_level":"","site-sidebar-layout":"no-sidebar","site-content-layout":"","ast-site-content-layout":"full-width-container","site-content-style":"default","site-sidebar-style":"default","ast-global-header-display":"","ast-banner-title-visibility":"disabled","ast-main-header-display":"","ast-hfb-above-header-display":"","ast-hfb-below-header-display":"","ast-hfb-mobile-header-display":"disabled","site-post-title":"disabled","ast-breadcrumbs-content":"","ast-featured-img":"disabled","footer-sml-layout":"disabled","ast-disable-related-posts":"","theme-transparent-header-meta":"","adv-header-id-meta":"","stick-header-meta":"","header-above-stick-meta":"","header-main-stick-meta":"","header-below-stick-meta":"","astra-migrate-meta-layouts":"default","ast-page-background-enabled":"default","ast-page-background-meta":{"desktop":{"background-color":"var(--ast-global-color-5)","background-image":"","background-repeat":"repeat","background-position":"center center","background-size":"auto","background-attachment":"scroll","background-type":"","background-media":"","overlay-type":"","overlay-color":"","overlay-opacity":"","overlay-gradient":""},"tablet":{"background-color":"","background-image":"","background-repeat":"repeat","background-position":"center center","background-size":"auto","background-attachment":"scroll","background-type":"","background-media":"","overlay-type":"","overlay-color":"","overlay-opacity":"","overlay-gradient":""},"mobile":{"background-color":"","background-image":"","background-repeat":"repeat","background-position":"center center","background-size":"auto","background-attachment":"scroll","background-type":"","background-media":"","overlay-type":"","overlay-color":"","overlay-opacity":"","overlay-gradient":""}},"ast-content-background-meta":{"desktop":{"background-color":"var(--ast-global-color-4)","background-image":"","background-repeat":"repeat","background-position":"center center","background-size":"auto","background-attachment":"scroll","background-type":"","background-media":"","overlay-type":"","overlay-color":"","overlay-opacity":"","overlay-gradient":""},"tablet":{"background-color":"var(--ast-global-color-4)","background-image":"","background-repeat":"repeat","background-position":"center center","background-size":"auto","background-attachment":"scroll","background-type":"","background-media":"","overlay-type":"","overlay-color":"","overlay-opacity":"","overlay-gradient":""},"mobile":{"background-color":"var(--ast-global-color-4)","background-image":"","background-repeat":"repeat","background-position":"center center","background-size":"auto","background-attachment":"scroll","background-type":"","background-media":"","overlay-type":"","overlay-color":"","overlay-opacity":"","overlay-gradient":""}},"footnotes":""},"class_list":["post-230","page","type-page","status-publish","hentry","pmpro-has-access"],"_links":{"self":[{"href":"https:\/\/ballsimulator.com\/en\/wp-json\/wp\/v2\/pages\/230","targetHints":{"allow":["GET"]}}],"collection":[{"href":"https:\/\/ballsimulator.com\/en\/wp-json\/wp\/v2\/pages"}],"about":[{"href":"https:\/\/ballsimulator.com\/en\/wp-json\/wp\/v2\/types\/page"}],"author":[{"embeddable":true,"href":"https:\/\/ballsimulator.com\/en\/wp-json\/wp\/v2\/users\/871"}],"replies":[{"embeddable":true,"href":"https:\/\/ballsimulator.com\/en\/wp-json\/wp\/v2\/comments?post=230"}],"version-history":[{"count":306,"href":"https:\/\/ballsimulator.com\/en\/wp-json\/wp\/v2\/pages\/230\/revisions"}],"predecessor-version":[{"id":2124,"href":"https:\/\/ballsimulator.com\/en\/wp-json\/wp\/v2\/pages\/230\/revisions\/2124"}],"wp:attachment":[{"href":"https:\/\/ballsimulator.com\/en\/wp-json\/wp\/v2\/media?parent=230"}],"curies":[{"name":"wp","href":"https:\/\/api.w.org\/{rel}","templated":true}]}}